{"id":174,"date":"2025-12-20T14:22:15","date_gmt":"2025-12-20T14:22:15","guid":{"rendered":"https:\/\/www.gemeinsam-fuer-kastl.de\/?page_id=174"},"modified":"2025-12-31T17:18:36","modified_gmt":"2025-12-31T17:18:36","slug":"uber-uns","status":"publish","type":"page","link":"https:\/\/www.gemeinsam-fuer-kastl.de\/?page_id=174","title":{"rendered":"\u00dcber uns"},"content":{"rendered":"\t\t<div data-elementor-type=\"wp-page\" data-elementor-id=\"174\" class=\"elementor elementor-174\">\n\t\t\t\t<div class=\"elementor-element elementor-element-17183f6 e-flex e-con-boxed e-con e-parent\" data-id=\"17183f6\" data-element_type=\"container\" data-e-type=\"container\">\n\t\t\t\t\t<div class=\"e-con-inner\">\n\t\t\t\t<div class=\"elementor-element elementor-element-1f3c30c elementor-widget elementor-widget-heading\" data-id=\"1f3c30c\" data-element_type=\"widget\" data-e-type=\"widget\" data-widget_type=\"heading.default\">\n\t\t\t\t\t<h2 class=\"elementor-heading-title elementor-size-default\">Weil Kastl uns nicht egal ist!<\/h2>\t\t\t\t<\/div>\n\t\t\t\t\t<\/div>\n\t\t\t\t<\/div>\n\t\t<div class=\"elementor-element elementor-element-1b5f71e e-flex e-con-boxed e-con e-parent\" data-id=\"1b5f71e\" data-element_type=\"container\" data-e-type=\"container\">\n\t\t\t\t\t<div class=\"e-con-inner\">\n\t\t<div class=\"elementor-element elementor-element-14145f6 e-con-full e-flex e-con e-child\" data-id=\"14145f6\" data-element_type=\"container\" data-e-type=\"container\">\n\t\t\t\t<div class=\"elementor-element elementor-element-5fa6cb4 elementor-widget elementor-widget-image\" data-id=\"5fa6cb4\" data-element_type=\"widget\" data-e-type=\"widget\" data-widget_type=\"image.default\">\n\t\t\t\t\t\t\t\t\t\t\t\t\t\t\t<img fetchpriority=\"high\" decoding=\"async\" width=\"768\" height=\"1024\" src=\"https:\/\/www.gemeinsam-fuer-kastl.de\/wp-content\/uploads\/2025\/12\/Foto-09.12.25-15-26-24-2-1-768x1024.jpg\" class=\"attachment-medium_large size-medium_large wp-image-361\" alt=\"\" srcset=\"https:\/\/www.gemeinsam-fuer-kastl.de\/wp-content\/uploads\/2025\/12\/Foto-09.12.25-15-26-24-2-1-768x1024.jpg 768w, https:\/\/www.gemeinsam-fuer-kastl.de\/wp-content\/uploads\/2025\/12\/Foto-09.12.25-15-26-24-2-1-225x300.jpg 225w, https:\/\/www.gemeinsam-fuer-kastl.de\/wp-content\/uploads\/2025\/12\/Foto-09.12.25-15-26-24-2-1-1152x1536.jpg 1152w, https:\/\/www.gemeinsam-fuer-kastl.de\/wp-content\/uploads\/2025\/12\/Foto-09.12.25-15-26-24-2-1.jpg 1500w\" sizes=\"(max-width: 768px) 100vw, 768px\" \/>\t\t\t\t\t\t\t\t\t\t\t\t\t\t\t<\/div>\n\t\t\t\t<\/div>\n\t\t<div class=\"elementor-element elementor-element-ec1437c e-con-full e-flex e-con e-child\" data-id=\"ec1437c\" data-element_type=\"container\" data-e-type=\"container\">\n\t\t<div class=\"elementor-element elementor-element-fcb47e0 e-con-full e-flex e-con e-child\" data-id=\"fcb47e0\" data-element_type=\"container\" data-e-type=\"container\">\n\t\t\t\t<div class=\"elementor-element elementor-element-b6d8d7c elementor-widget elementor-widget-heading\" data-id=\"b6d8d7c\" data-element_type=\"widget\" data-e-type=\"widget\" data-widget_type=\"heading.default\">\n\t\t\t\t\t<h2 class=\"elementor-heading-title elementor-size-default\">Unsere Entstehung: Offen, transparent, gemeinsam<\/h2>\t\t\t\t<\/div>\n\t\t\t\t<\/div>\n\t\t<div class=\"elementor-element elementor-element-076e922 e-con-full e-flex e-con e-child\" data-id=\"076e922\" data-element_type=\"container\" data-e-type=\"container\">\n\t\t\t\t<div class=\"elementor-element elementor-element-da681b6 elementor-widget elementor-widget-text-editor\" data-id=\"da681b6\" data-element_type=\"widget\" data-e-type=\"widget\" data-widget_type=\"text-editor.default\">\n\t\t\t\t\t\t\t\t\t<p data-start=\"387\" data-end=\"588\">Wir sind eine junge W\u00e4hlergemeinschaft. Entstanden <strong data-start=\"438\" data-end=\"453\">im November<\/strong>, aus einer gemeinsamen \u00dcberzeugung heraus:<\/p><p data-start=\"387\" data-end=\"588\"><br data-start=\"496\" data-end=\"499\" \/><strong data-start=\"499\" data-end=\"588\">Unsere Gemeinde braucht Menschen, die zuh\u00f6ren, anpacken und Verantwortung \u00fcbernehmen.<\/strong><\/p><p data-start=\"590\" data-end=\"861\">Unsere Gr\u00fcndung war bewusst offen gestaltet. Wir haben \u00f6ffentlich eingeladen, transparent informiert und uns bei einer <strong data-start=\"709\" data-end=\"746\">\u00f6ffentlichen Gr\u00fcndungsversammlung<\/strong> zusammengefunden. Jede und jeder war willkommen. Denn Politik, die Vertrauen schaffen will, beginnt mit Offenheit.<\/p>\t\t\t\t\t\t\t\t<\/div>\n\t\t\t\t<\/div>\n\t\t\t\t<\/div>\n\t\t\t\t\t<\/div>\n\t\t\t\t<\/div>\n\t\t<div class=\"elementor-element elementor-element-2b192d2 e-flex e-con-boxed e-con e-parent\" data-id=\"2b192d2\" data-element_type=\"container\" data-e-type=\"container\">\n\t\t\t\t\t<div class=\"e-con-inner\">\n\t\t\t\t<div class=\"elementor-element elementor-element-b474bc7 elementor-widget elementor-widget-heading\" data-id=\"b474bc7\" data-element_type=\"widget\" data-e-type=\"widget\" data-widget_type=\"heading.default\">\n\t\t\t\t\t<h2 class=\"elementor-heading-title elementor-size-default\">Was uns verbindet<\/h2>\t\t\t\t<\/div>\n\t\t\t\t\t<\/div>\n\t\t\t\t<\/div>\n\t\t<div class=\"elementor-element elementor-element-b28fbdd e-flex e-con-boxed e-con e-parent\" data-id=\"b28fbdd\" data-element_type=\"container\" data-e-type=\"container\">\n\t\t\t\t\t<div class=\"e-con-inner\">\n\t\t\t\t<div class=\"elementor-element elementor-element-2c22091 elementor-widget elementor-widget-text-editor\" data-id=\"2c22091\" data-element_type=\"widget\" data-e-type=\"widget\" data-widget_type=\"text-editor.default\">\n\t\t\t\t\t\t\t\t\t<p>Uns verbindet kein Parteibuch und keine Ideologie. Uns verbindet der Wunsch, <strong data-start=\"1013\" data-end=\"1033\">etwas zu bewegen<\/strong> \u2013 f\u00fcr Kastl und f\u00fcr die Menschen, die hier leben. Wir sind Nachbarinnen und Nachbarn, Vereinsmenschen, Ehrenamtliche, Berufst\u00e4tige und Familien. Verwurzelt in unserer Gemeinde und mit dem festen Willen, sie aktiv mitzugestalten.<\/p>\t\t\t\t\t\t\t\t<\/div>\n\t\t\t\t\t<\/div>\n\t\t\t\t<\/div>\n\t\t<div class=\"elementor-element elementor-element-98691d3 e-flex e-con-boxed e-con e-parent\" data-id=\"98691d3\" data-element_type=\"container\" data-e-type=\"container\">\n\t\t\t\t\t<div class=\"e-con-inner\">\n\t\t\t\t<div class=\"elementor-element elementor-element-68baeb0 elementor-widget elementor-widget-heading\" data-id=\"68baeb0\" data-element_type=\"widget\" data-e-type=\"widget\" data-widget_type=\"heading.default\">\n\t\t\t\t\t<h2 class=\"elementor-heading-title elementor-size-default\">Neue Perspektiven f\u00fcr unsere Gemeinde<\/h2>\t\t\t\t<\/div>\n\t\t\t\t<div class=\"elementor-element elementor-element-b2919e5 elementor-widget elementor-widget-text-editor\" data-id=\"b2919e5\" data-element_type=\"widget\" data-e-type=\"widget\" data-widget_type=\"text-editor.default\">\n\t\t\t\t\t\t\t\t\t<p>In einer kleinen, stark parteipolitisch-gepr\u00e4gten Gemeinde ist es nicht selbstverst\u00e4ndlich, neue Perspektiven einzubringen. Trotzdem \u2013 oder gerade deshalb \u2013 braucht es Stimmen, die hinschauen, nachfragen und Impulse geben. Nicht aus Gegnerschaft, sondern aus Verantwortung und aus Liebe zu unserem Ort.<\/p>\t\t\t\t\t\t\t\t<\/div>\n\t\t\t\t\t<\/div>\n\t\t\t\t<\/div>\n\t\t<div class=\"elementor-element elementor-element-ce28e0f e-flex e-con-boxed e-con e-parent\" data-id=\"ce28e0f\" data-element_type=\"container\" data-e-type=\"container\">\n\t\t\t\t\t<div class=\"e-con-inner\">\n\t\t\t\t<div class=\"elementor-element elementor-element-f042eef elementor-widget__width-initial elementor-arrows-position-inside elementor-pagination-position-outside elementor-widget elementor-widget-image-carousel\" data-id=\"f042eef\" data-element_type=\"widget\" data-e-type=\"widget\" data-settings=\"{&quot;navigation&quot;:&quot;both&quot;,&quot;autoplay&quot;:&quot;yes&quot;,&quot;pause_on_hover&quot;:&quot;yes&quot;,&quot;pause_on_interaction&quot;:&quot;yes&quot;,&quot;autoplay_speed&quot;:5000,&quot;infinite&quot;:&quot;yes&quot;,&quot;speed&quot;:500}\" data-widget_type=\"image-carousel.default\">\n\t\t\t\t\t\t\t<div class=\"elementor-image-carousel-wrapper swiper\" role=\"region\" aria-roledescription=\"carousel\" aria-label=\"Besuche\" dir=\"ltr\">\n\t\t\t<div class=\"elementor-image-carousel swiper-wrapper\" aria-live=\"off\">\n\t\t\t\t\t\t\t\t<div class=\"swiper-slide\" role=\"group\" aria-roledescription=\"slide\" aria-label=\"1 of 3\"><figure class=\"swiper-slide-inner\"><img decoding=\"async\" class=\"swiper-slide-image\" src=\"https:\/\/www.gemeinsam-fuer-kastl.de\/wp-content\/uploads\/2025\/12\/Foto-24.12.25-10-40-41-2-1-1-1-768x1024.jpg\" alt=\"Besuch bei Roland Dimper\" \/><\/figure><\/div><div class=\"swiper-slide\" role=\"group\" aria-roledescription=\"slide\" aria-label=\"2 of 3\"><figure class=\"swiper-slide-inner\"><img decoding=\"async\" class=\"swiper-slide-image\" src=\"https:\/\/www.gemeinsam-fuer-kastl.de\/wp-content\/uploads\/2025\/12\/Foto-14.12.25-22-12-16-2-768x1024.jpg\" alt=\"Besuch Feuerwehrhaus Kastl\" \/><\/figure><\/div><div class=\"swiper-slide\" role=\"group\" aria-roledescription=\"slide\" aria-label=\"3 of 3\"><figure class=\"swiper-slide-inner\"><img decoding=\"async\" class=\"swiper-slide-image\" src=\"https:\/\/www.gemeinsam-fuer-kastl.de\/wp-content\/uploads\/2025\/12\/Foto-24.12.25-10-40-45-768x1024.jpg\" alt=\"Besuch Feuerwehr Unterbruck\" \/><\/figure><\/div>\t\t\t<\/div>\n\t\t\t\t\t\t\t\t\t\t\t\t<div class=\"elementor-swiper-button elementor-swiper-button-prev\" role=\"button\" tabindex=\"0\">\n\t\t\t\t\t\t<svg aria-hidden=\"true\" class=\"e-font-icon-svg e-eicon-chevron-left\" viewBox=\"0 0 1000 1000\" xmlns=\"http:\/\/www.w3.org\/2000\/svg\"><path d=\"M646 125C629 125 613 133 604 142L308 442C296 454 292 471 292 487 292 504 296 521 308 533L604 854C617 867 629 875 646 875 663 875 679 871 692 858 704 846 713 829 713 812 713 796 708 779 692 767L438 487 692 225C700 217 708 204 708 187 708 171 704 154 692 142 675 129 663 125 646 125Z\"><\/path><\/svg>\t\t\t\t\t<\/div>\n\t\t\t\t\t<div class=\"elementor-swiper-button elementor-swiper-button-next\" role=\"button\" tabindex=\"0\">\n\t\t\t\t\t\t<svg aria-hidden=\"true\" class=\"e-font-icon-svg e-eicon-chevron-right\" viewBox=\"0 0 1000 1000\" xmlns=\"http:\/\/www.w3.org\/2000\/svg\"><path d=\"M696 533C708 521 713 504 713 487 713 471 708 454 696 446L400 146C388 133 375 125 354 125 338 125 325 129 313 142 300 154 292 171 292 187 292 204 296 221 308 233L563 492 304 771C292 783 288 800 288 817 288 833 296 850 308 863 321 871 338 875 354 875 371 875 388 867 400 854L696 533Z\"><\/path><\/svg>\t\t\t\t\t<\/div>\n\t\t\t\t\n\t\t\t\t\t\t\t\t\t<div class=\"swiper-pagination\"><\/div>\n\t\t\t\t\t\t\t\t\t<\/div>\n\t\t\t\t\t\t<\/div>\n\t\t<div class=\"elementor-element elementor-element-e6d4fa6 e-con-full e-flex e-con e-child\" data-id=\"e6d4fa6\" data-element_type=\"container\" data-e-type=\"container\">\n\t\t<div class=\"elementor-element elementor-element-91f3f2d e-con-full e-flex e-con e-child\" data-id=\"91f3f2d\" data-element_type=\"container\" data-e-type=\"container\">\n\t\t\t\t<div class=\"elementor-element elementor-element-4073db0 elementor-widget elementor-widget-heading\" data-id=\"4073db0\" data-element_type=\"widget\" data-e-type=\"widget\" data-widget_type=\"heading.default\">\n\t\t\t\t\t<h2 class=\"elementor-heading-title elementor-size-default\">Nah dran am echten Leben<\/h2>\t\t\t\t<\/div>\n\t\t\t\t<\/div>\n\t\t<div class=\"elementor-element elementor-element-e36d092 e-con-full e-flex e-con e-child\" data-id=\"e36d092\" data-element_type=\"container\" data-e-type=\"container\">\n\t\t\t\t<div class=\"elementor-element elementor-element-348e64b elementor-widget elementor-widget-text-editor\" data-id=\"348e64b\" data-element_type=\"widget\" data-e-type=\"widget\" data-widget_type=\"text-editor.default\">\n\t\t\t\t\t\t\t\t\t<p data-start=\"1729\" data-end=\"2015\">F\u00fcr uns beginnt Politik nicht im Sitzungssaal, sondern <strong data-start=\"1784\" data-end=\"1827\">dort, wo das t\u00e4gliche Leben stattfindet<\/strong>. Wir suchen den Austausch mit Vereinen, Einsatzkr\u00e4ften, Betrieben, Landwirten, Familien und allen, die unsere Gemeinde tragen. Wir h\u00f6ren zu, nehmen Anliegen ernst und machen sie sichtbar.<\/p><p data-start=\"1729\" data-end=\"2015\">Zuh\u00f6ren, einbeziehen, nachfragen &#8211; nah an den Menschen ist uns wichtig.<\/p><p data-start=\"2105\" data-end=\"2422\">Ein wichtiger Teil unserer Arbeit ist der direkte Dialog. \u00dcber regelm\u00e4\u00dfige Umfragen \u2013 auch auf Instagram \u2013 holen wir Meinungen ein, greifen Themen auf und lassen viele Stimmen zu Wort kommen. Nicht jede Idee findet sofort ihren Weg in einen Beschluss, aber jede R\u00fcckmeldung hilft, unsere Gemeinde besser zu verstehen.<\/p>\t\t\t\t\t\t\t\t<\/div>\n\t\t\t\t<\/div>\n\t\t\t\t<\/div>\n\t\t\t\t\t<\/div>\n\t\t\t\t<\/div>\n\t\t<div class=\"elementor-element elementor-element-9bcea94 e-flex e-con-boxed e-con e-parent\" data-id=\"9bcea94\" data-element_type=\"container\" data-e-type=\"container\">\n\t\t\t\t\t<div class=\"e-con-inner\">\n\t\t\t\t<div class=\"elementor-element elementor-element-2ffb71d elementor-widget elementor-widget-heading\" data-id=\"2ffb71d\" data-element_type=\"widget\" data-e-type=\"widget\" data-widget_type=\"heading.default\">\n\t\t\t\t\t<h2 class=\"elementor-heading-title elementor-size-default\">Unser Anspruch: Im Gespr\u00e4ch - jederzeit<\/h2>\t\t\t\t<\/div>\n\t\t\t\t\t<\/div>\n\t\t\t\t<\/div>\n\t\t<div class=\"elementor-element elementor-element-e7d55ca e-grid e-con-boxed e-con e-parent\" data-id=\"e7d55ca\" data-element_type=\"container\" data-e-type=\"container\">\n\t\t\t\t\t<div class=\"e-con-inner\">\n\t\t\t\t<div class=\"elementor-element elementor-element-914b64d elementor-widget elementor-widget-text-editor\" data-id=\"914b64d\" data-element_type=\"widget\" data-e-type=\"widget\" data-widget_type=\"text-editor.default\">\n\t\t\t\t\t\t\t\t\t<p>Uns kann man jederzeit ansprechen.<br data-start=\"2537\" data-end=\"2540\" \/>Auf der Stra\u00dfe, bei Veranstaltungen, online oder pers\u00f6nlich.<br data-start=\"2600\" data-end=\"2603\" \/>Wir freuen uns \u00fcber Gespr\u00e4che, Anregungen, Kritik und neue Ideen \u2013 denn gute Politik entsteht nur im gemeinsamen Austausch.<\/p><p data-start=\"2798\" data-end=\"3034\">Unter uns gilt: respektvoller Umgang, ehrliche Worte und nachvollziehbare Entscheidungen. Wir wollen keine Politik aus Gewohnheit, sondern aus \u00dcberzeugung. Keine leeren Versprechen, sondern <strong data-start=\"2988\" data-end=\"3009\">konkrete Schritte<\/strong>, die Kastl voranbringen.<\/p><p data-start=\"3036\" data-end=\"3203\">Wir sind noch jung \u2013 aber wir sind engagiert, offen und motiviert.<br data-start=\"3102\" data-end=\"3105\" \/>Und wir sind \u00fcberzeugt: Wenn Menschen zusammenstehen und sich einbringen, kann sich etwas bewegen.<\/p><p>\u00a0<\/p><p data-start=\"3205\" data-end=\"3226\"><strong data-start=\"3205\" data-end=\"3226\">Echt. Nah. Kastl.<\/strong><\/p>\t\t\t\t\t\t\t\t<\/div>\n\t\t\t\t<div class=\"elementor-element elementor-element-27a3b34 elementor-widget elementor-widget-image\" data-id=\"27a3b34\" data-element_type=\"widget\" data-e-type=\"widget\" data-widget_type=\"image.default\">\n\t\t\t\t\t\t\t\t\t\t\t\t\t\t\t<img decoding=\"async\" width=\"768\" height=\"512\" src=\"https:\/\/www.gemeinsam-fuer-kastl.de\/wp-content\/uploads\/2025\/12\/Foto-30.12.25-20-14-39-2-768x512.jpg\" class=\"attachment-medium_large size-medium_large wp-image-365\" alt=\"\" srcset=\"https:\/\/www.gemeinsam-fuer-kastl.de\/wp-content\/uploads\/2025\/12\/Foto-30.12.25-20-14-39-2-768x512.jpg 768w, https:\/\/www.gemeinsam-fuer-kastl.de\/wp-content\/uploads\/2025\/12\/Foto-30.12.25-20-14-39-2-300x200.jpg 300w, https:\/\/www.gemeinsam-fuer-kastl.de\/wp-content\/uploads\/2025\/12\/Foto-30.12.25-20-14-39-2-1024x682.jpg 1024w, https:\/\/www.gemeinsam-fuer-kastl.de\/wp-content\/uploads\/2025\/12\/Foto-30.12.25-20-14-39-2-1536x1023.jpg 1536w, https:\/\/www.gemeinsam-fuer-kastl.de\/wp-content\/uploads\/2025\/12\/Foto-30.12.25-20-14-39-2.jpg 1600w\" sizes=\"(max-width: 768px) 100vw, 768px\" \/>\t\t\t\t\t\t\t\t\t\t\t\t\t\t\t<\/div>\n\t\t\t\t\t<\/div>\n\t\t\t\t<\/div>\n\t\t\t\t<\/div>\n\t\t","protected":false},"excerpt":{"rendered":"<p>Weil Kastl uns nicht egal ist! Unsere Entstehung: Offen, transparent, gemeinsam Wir sind eine junge W\u00e4hlergemeinschaft. Entstanden im November, aus einer gemeinsamen \u00dcberzeugung heraus: Unsere Gemeinde braucht Menschen, die zuh\u00f6ren, anpacken und Verantwortung \u00fcbernehmen. Unsere Gr\u00fcndung war bewusst offen gestaltet. Wir haben \u00f6ffentlich eingeladen, transparent informiert und uns bei einer \u00f6ffentlichen Gr\u00fcndungsversammlung zusammengefunden. Jede und&#8230;<\/p>\n","protected":false},"author":2,"featured_media":0,"parent":0,"menu_order":2,"comment_status":"closed","ping_status":"closed","template":"","meta":{"_kad_post_transparent":"","_kad_post_title":"hide","_kad_post_layout":"fullwidth","_kad_post_sidebar_id":"","_kad_post_content_style":"unboxed","_kad_post_vertical_padding":"hide","_kad_post_feature":"hide","_kad_post_feature_position":"","_kad_post_header":false,"_kad_post_footer":false,"_kad_post_classname":"","footnotes":""},"class_list":["post-174","page","type-page","status-publish","hentry"],"_links":{"self":[{"href":"https:\/\/www.gemeinsam-fuer-kastl.de\/index.php?rest_route=\/wp\/v2\/pages\/174","targetHints":{"allow":["GET"]}}],"collection":[{"href":"https:\/\/www.gemeinsam-fuer-kastl.de\/index.php?rest_route=\/wp\/v2\/pages"}],"about":[{"href":"https:\/\/www.gemeinsam-fuer-kastl.de\/index.php?rest_route=\/wp\/v2\/types\/page"}],"author":[{"embeddable":true,"href":"https:\/\/www.gemeinsam-fuer-kastl.de\/index.php?rest_route=\/wp\/v2\/users\/2"}],"replies":[{"embeddable":true,"href":"https:\/\/www.gemeinsam-fuer-kastl.de\/index.php?rest_route=%2Fwp%2Fv2%2Fcomments&post=174"}],"version-history":[{"count":7,"href":"https:\/\/www.gemeinsam-fuer-kastl.de\/index.php?rest_route=\/wp\/v2\/pages\/174\/revisions"}],"predecessor-version":[{"id":368,"href":"https:\/\/www.gemeinsam-fuer-kastl.de\/index.php?rest_route=\/wp\/v2\/pages\/174\/revisions\/368"}],"wp:attachment":[{"href":"https:\/\/www.gemeinsam-fuer-kastl.de\/index.php?rest_route=%2Fwp%2Fv2%2Fmedia&parent=174"}],"curies":[{"name":"wp","href":"https:\/\/api.w.org\/{rel}","templated":true}]}}