{"id":27,"date":"2025-12-08T14:10:05","date_gmt":"2025-12-08T14:10:05","guid":{"rendered":"https:\/\/www.gemeinsam-fuer-kastl.de\/?page_id=27"},"modified":"2026-01-05T19:23:19","modified_gmt":"2026-01-05T19:23:19","slug":"willkommen","status":"publish","type":"page","link":"https:\/\/www.gemeinsam-fuer-kastl.de\/","title":{"rendered":"Ihre W\u00e4hlergemeinschaft f\u00fcr Kastl"},"content":{"rendered":"\t\t<div data-elementor-type=\"wp-page\" data-elementor-id=\"27\" class=\"elementor elementor-27\">\n\t\t\t\t<div class=\"elementor-element elementor-element-53f2f03 e-flex e-con-boxed e-con e-parent\" data-id=\"53f2f03\" data-element_type=\"container\" data-e-type=\"container\">\n\t\t\t\t\t<div class=\"e-con-inner\">\n\t\t\t\t<div class=\"elementor-element elementor-element-b3637e1 elementor-widget elementor-widget-heading\" data-id=\"b3637e1\" data-element_type=\"widget\" data-e-type=\"widget\" data-widget_type=\"heading.default\">\n\t\t\t\t\t<h2 class=\"elementor-heading-title elementor-size-default\">Herzlich Willkommen bei der W\u00e4hlergemeinschaft Gemeinsam f\u00fcr Kastl.\u00a0\nSch\u00f6n, dass Sie den Weg zu uns gefunden haben. Wir freuen uns \u00fcber Ihr Interesse an Gemeinsam f\u00fcr Kastl und laden Sie herzlich ein, uns kennenzulernen und unsere Ideen f\u00fcr unser Dorf zu entdecken.<\/h2>\t\t\t\t<\/div>\n\t\t\t\t\t<\/div>\n\t\t\t\t<\/div>\n\t\t<div class=\"elementor-element elementor-element-a166450 e-flex e-con-boxed e-con e-parent\" data-id=\"a166450\" data-element_type=\"container\" data-e-type=\"container\">\n\t\t\t\t\t<div class=\"e-con-inner\">\n\t\t\t\t<div class=\"elementor-element elementor-element-7324f88 elementor-widget elementor-widget-heading\" data-id=\"7324f88\" data-element_type=\"widget\" data-e-type=\"widget\" data-widget_type=\"heading.default\">\n\t\t\t\t\t<h2 class=\"elementor-heading-title elementor-size-default\">Warum Gemeinsam f\u00fcr Kastl?<\/h2>\t\t\t\t<\/div>\n\t\t\t\t\t<\/div>\n\t\t\t\t<\/div>\n\t\t<div class=\"elementor-element elementor-element-a33092a e-grid e-con-boxed e-con e-parent\" data-id=\"a33092a\" data-element_type=\"container\" data-e-type=\"container\">\n\t\t\t\t\t<div class=\"e-con-inner\">\n\t\t\t\t<div class=\"elementor-element elementor-element-f6d3a0a elementor-widget elementor-widget-video\" data-id=\"f6d3a0a\" data-element_type=\"widget\" data-e-type=\"widget\" data-settings=\"{&quot;youtube_url&quot;:&quot;https:\\\/\\\/www.youtube.com\\\/watch?v=-oTIgKarDYA&quot;,&quot;play_on_mobile&quot;:&quot;yes&quot;,&quot;autoplay&quot;:&quot;yes&quot;,&quot;video_type&quot;:&quot;youtube&quot;}\" data-widget_type=\"video.default\">\n\t\t\t\t\t\t\t<div class=\"elementor-wrapper elementor-open-inline\">\n\t\t\t<div class=\"elementor-video\"><\/div>\t\t<\/div>\n\t\t\t\t\t\t<\/div>\n\t\t\t\t<div class=\"elementor-element elementor-element-10a510b elementor-widget elementor-widget-text-editor\" data-id=\"10a510b\" data-element_type=\"widget\" data-e-type=\"widget\" data-widget_type=\"text-editor.default\">\n\t\t\t\t\t\t\t\t\t<p>Kastl ist unser Zuhause. Hier sind wir aufgewachsen, hier leben unsere Familien, hier engagieren wir uns in Vereinen, Feuerwehr und Ehrenamt. Genau deshalb haben wir gemeinsam f\u00fcr Kastl gegr\u00fcndet.\u00a0<\/p><p>Wir sind B\u00fcrgerinnen und B\u00fcrger aus Kastl, die nicht zuschauen, sondern mit anpacken wollen.\u00a0<\/p><p>Kastl ist mehr als der Hauptort. Alle Ortsteile geh\u00f6ren f\u00fcr uns gleichwertig dazu. Ob gro\u00df oder klein &#8211; jede Ortschaft hat ihre eigenen St\u00e4rken, Anliegen und Traditionen, die wir ernst nehmen und in unsere Arbeit einbeziehen wollen.<\/p><p>Uns geht es um unser Dorf, um die Menschen, um das, was Kastl heute ausmacht &#8211; und darum, wie wir es f\u00fcr kommende Generationen gut weiterentwickeln k\u00f6nnen.\u00a0<\/p><p>Zur Kommunalwahl 2026 treten wir erstmals mit einem B\u00fcrgermeisterkandidaten und einem Team f\u00fcr den Gemeinderat an.<\/p><p data-start=\"993\" data-end=\"1233\">Wir treten an, weil wir \u00fcberzeugt sind, dass gute Kommunalpolitik nah an den B\u00fcrgerinnen und B\u00fcrgern sein muss \u2013 offen, sachlich und unabh\u00e4ngig von Parteien.<\/p><p data-start=\"1235\" data-end=\"1315\">Wir wollen zuh\u00f6ren, mitgestalten und Verantwortung \u00fcbernehmen \u2013 f\u00fcr unser Kastl.\u00a0Entscheidungen sollen bei uns verst\u00e4ndlich, ehrlich und gemeinsam getroffen werden.<\/p>\t\t\t\t\t\t\t\t<\/div>\n\t\t\t\t\t<\/div>\n\t\t\t\t<\/div>\n\t\t<div class=\"elementor-element elementor-element-82dd8ca e-flex e-con-boxed e-con e-parent\" data-id=\"82dd8ca\" data-element_type=\"container\" data-e-type=\"container\">\n\t\t\t\t\t<div class=\"e-con-inner\">\n\t\t\t\t<div class=\"elementor-element elementor-element-8b9b347 elementor-widget elementor-widget-heading\" data-id=\"8b9b347\" data-element_type=\"widget\" data-e-type=\"widget\" data-widget_type=\"heading.default\">\n\t\t\t\t\t<h2 class=\"elementor-heading-title elementor-size-default\">Menschen, die man kennt<\/h2>\t\t\t\t<\/div>\n\t\t\t\t\t<\/div>\n\t\t\t\t<\/div>\n\t\t<div class=\"elementor-element elementor-element-22424c5 e-grid e-con-boxed e-con e-parent\" data-id=\"22424c5\" data-element_type=\"container\" data-e-type=\"container\">\n\t\t\t\t\t<div class=\"e-con-inner\">\n\t\t\t\t<div class=\"elementor-element elementor-element-ba8075f elementor-widget elementor-widget-text-editor\" data-id=\"ba8075f\" data-element_type=\"widget\" data-e-type=\"widget\" data-widget_type=\"text-editor.default\">\n\t\t\t\t\t\t\t\t\t<p>Unsere Kandidatinnen und Kandidaten sind keine &#8220;Berufspolitiker&#8221;. Es sind Nachbarn, Vereinskameraden, Ehrenamtliche &#8211; Menschen, die Kastl kennen und die Sorgen und W\u00fcnsche der B\u00fcrgerinnen und B\u00fcrger ernst nehmen.<\/p><h3 data-start=\"1481\" data-end=\"1508\"><strong data-start=\"1485\" data-end=\"1508\">Unsere Schwerpunkte<\/strong><\/h3><p data-start=\"1510\" data-end=\"1594\"><strong data-start=\"1510\" data-end=\"1535\"><img decoding=\"async\" class=\"emoji\" role=\"img\" draggable=\"false\" src=\"https:\/\/s.w.org\/images\/core\/emoji\/17.0.2\/svg\/1f3e1.svg\" alt=\"\ud83c\udfe1\" \/> Lebenswertes Kastl<\/strong><br data-start=\"1535\" data-end=\"1538\" \/>Eine Gemeinde, in der sich alle Generationen wohlf\u00fchlen. Au\u00dferdem sind eine stabile Finanzlage und Ansiedlung von Gewerbe ein wichtiges Anliegen.<\/p><p data-start=\"1596\" data-end=\"1710\"><strong data-start=\"1596\" data-end=\"1627\"><img decoding=\"async\" class=\"emoji\" role=\"img\" draggable=\"false\" src=\"https:\/\/s.w.org\/images\/core\/emoji\/17.0.2\/svg\/1f4ac.svg\" alt=\"\ud83d\udcac\" \/> Transparenz &amp; B\u00fcrgern\u00e4he<\/strong><br data-start=\"1627\" data-end=\"1630\" \/>Entscheidungen sollen nachvollziehbar sein \u2013 im Dialog mit den Menschen vor Ort. B\u00fcrger sollen mehr in wichtige Entscheidungen einbezogen werden.<\/p><p data-start=\"1712\" data-end=\"1807\"><strong data-start=\"1712\" data-end=\"1742\"><img decoding=\"async\" class=\"emoji\" role=\"img\" draggable=\"false\" src=\"https:\/\/s.w.org\/images\/core\/emoji\/17.0.2\/svg\/1f331.svg\" alt=\"\ud83c\udf31\" \/> Nachhaltige Entwicklung<\/strong><br data-start=\"1742\" data-end=\"1745\" \/>Verantwortungsvoller Umgang mit Natur, Fl\u00e4chen und Ressourcen.<\/p><p data-start=\"1809\" data-end=\"1915\"><strong data-start=\"1809\" data-end=\"1847\"><img decoding=\"async\" class=\"emoji\" role=\"img\" draggable=\"false\" src=\"https:\/\/s.w.org\/images\/core\/emoji\/17.0.2\/svg\/1f91d.svg\" alt=\"\ud83e\udd1d\" \/> Gemeinschaft &amp; Ehrenamt st\u00e4rken<\/strong><br data-start=\"1847\" data-end=\"1850\" \/>Vereine, Initiativen und Ehrenamt sind das Herz unserer Gemeinde.\u00a0<\/p><p data-start=\"1809\" data-end=\"1915\">Erfahre bald mehr \u00fcber unsere Schwerpunkte unter der Rubrik Unsere Ziele.<\/p>\t\t\t\t\t\t\t\t<\/div>\n\t\t\t\t<div class=\"elementor-element elementor-element-57feed9 elementor-widget elementor-widget-image\" data-id=\"57feed9\" data-element_type=\"widget\" data-e-type=\"widget\" data-widget_type=\"image.default\">\n\t\t\t\t\t\t\t\t\t\t\t\t\t\t\t<img decoding=\"async\" src=\"https:\/\/www.gemeinsam-fuer-kastl.de\/wp-content\/uploads\/2025\/12\/Foto-30.12.25-20-14-39-32.jpg\" title=\"Foto 30.12.25, 20 14 39 (32)\" alt=\"Foto 30.12.25, 20 14 39 (32)\" loading=\"lazy\" \/>\t\t\t\t\t\t\t\t\t\t\t\t\t\t\t<\/div>\n\t\t\t\t\t<\/div>\n\t\t\t\t<\/div>\n\t\t<div class=\"elementor-element elementor-element-9317879 e-flex e-con-boxed e-con e-parent\" data-id=\"9317879\" data-element_type=\"container\" data-e-type=\"container\">\n\t\t\t\t\t<div class=\"e-con-inner\">\n\t\t\t\t<div class=\"elementor-element elementor-element-dde8b56 elementor-widget elementor-widget-heading\" data-id=\"dde8b56\" data-element_type=\"widget\" data-e-type=\"widget\" data-widget_type=\"heading.default\">\n\t\t\t\t\t<h2 class=\"elementor-heading-title elementor-size-default\">Reden wir miteinander<\/h2>\t\t\t\t<\/div>\n\t\t\t\t\t<\/div>\n\t\t\t\t<\/div>\n\t\t<div class=\"elementor-element elementor-element-339f5d5 e-grid e-con-boxed e-con e-parent\" data-id=\"339f5d5\" data-element_type=\"container\" data-e-type=\"container\">\n\t\t\t\t\t<div class=\"e-con-inner\">\n\t\t\t\t<div class=\"elementor-element elementor-element-1ecc1f7 elementor-widget elementor-widget-image\" data-id=\"1ecc1f7\" data-element_type=\"widget\" data-e-type=\"widget\" data-widget_type=\"image.default\">\n\t\t\t\t\t\t\t\t\t\t\t\t\t\t\t<img fetchpriority=\"high\" decoding=\"async\" width=\"768\" height=\"512\" src=\"https:\/\/www.gemeinsam-fuer-kastl.de\/wp-content\/uploads\/2025\/12\/Foto-30.12.25-20-14-39-10-768x512.jpg\" class=\"attachment-medium_large size-medium_large wp-image-317\" alt=\"\" srcset=\"https:\/\/www.gemeinsam-fuer-kastl.de\/wp-content\/uploads\/2025\/12\/Foto-30.12.25-20-14-39-10-768x512.jpg 768w, https:\/\/www.gemeinsam-fuer-kastl.de\/wp-content\/uploads\/2025\/12\/Foto-30.12.25-20-14-39-10-300x200.jpg 300w, https:\/\/www.gemeinsam-fuer-kastl.de\/wp-content\/uploads\/2025\/12\/Foto-30.12.25-20-14-39-10-1024x682.jpg 1024w, https:\/\/www.gemeinsam-fuer-kastl.de\/wp-content\/uploads\/2025\/12\/Foto-30.12.25-20-14-39-10-1536x1023.jpg 1536w, https:\/\/www.gemeinsam-fuer-kastl.de\/wp-content\/uploads\/2025\/12\/Foto-30.12.25-20-14-39-10.jpg 1600w\" sizes=\"(max-width: 768px) 100vw, 768px\" \/>\t\t\t\t\t\t\t\t\t\t\t\t\t\t\t<\/div>\n\t\t\t\t<div class=\"elementor-element elementor-element-59f692e elementor-widget elementor-widget-text-editor\" data-id=\"59f692e\" data-element_type=\"widget\" data-e-type=\"widget\" data-widget_type=\"text-editor.default\">\n\t\t\t\t\t\t\t\t\t<p>Gute Kommunalpolitik beginnt mit Zuh\u00f6ren. Wir m\u00f6chten im Gespr\u00e4ch bleiben, Ideen aufnehmen und gemeinsam L\u00f6sungen finden &#8211; offen, respektvoll und auf Augenh\u00f6he.<\/p><ul><li>Schauen Sie sich um, lernen Sie uns kennen und sprechen Sie uns an.\u00a0<\/li><li>Gemeinsam f\u00fcr Kastl &#8211; f\u00fcr unser Dorf.<\/li><\/ul><div>Du m\u00f6chtest dich informieren, mitreden oder aktiv einbringen?<br data-start=\"2580\" data-end=\"2583\" \/>Dann melde dich bei uns \u2013 wir freuen uns \u00fcber jede Unterst\u00fctzung und jedes Gespr\u00e4ch.<\/div><div>\u00a0<\/div><p>Besucht uns doch auch gerne auf Facebook oder instagram.<\/p>\t\t\t\t\t\t\t\t<\/div>\n\t\t\t\t\t<\/div>\n\t\t\t\t<\/div>\n\t\t<div class=\"elementor-element elementor-element-5d3f3dc e-flex e-con-boxed e-con e-parent\" data-id=\"5d3f3dc\" data-element_type=\"container\" data-e-type=\"container\">\n\t\t\t\t\t<div class=\"e-con-inner\">\n\t\t\t\t<div class=\"elementor-element elementor-element-8fa7ef4 elementor-shape-rounded elementor-grid-0 e-grid-align-center elementor-widget elementor-widget-social-icons\" data-id=\"8fa7ef4\" data-element_type=\"widget\" data-e-type=\"widget\" data-widget_type=\"social-icons.default\">\n\t\t\t\t\t\t\t<div class=\"elementor-social-icons-wrapper elementor-grid\" role=\"list\">\n\t\t\t\t\t\t\t<span class=\"elementor-grid-item\" role=\"listitem\">\n\t\t\t\t\t<a class=\"elementor-icon elementor-social-icon elementor-social-icon-instagram elementor-repeater-item-946da96\" href=\"https:\/\/www.instagram.com\/gemeinsamfuerkastl\/\" target=\"_blank\">\n\t\t\t\t\t\t<span class=\"elementor-screen-only\">Instagram<\/span>\n\t\t\t\t\t\t<svg aria-hidden=\"true\" class=\"e-font-icon-svg e-fab-instagram\" viewBox=\"0 0 448 512\" xmlns=\"http:\/\/www.w3.org\/2000\/svg\"><path d=\"M224.1 141c-63.6 0-114.9 51.3-114.9 114.9s51.3 114.9 114.9 114.9S339 319.5 339 255.9 287.7 141 224.1 141zm0 189.6c-41.1 0-74.7-33.5-74.7-74.7s33.5-74.7 74.7-74.7 74.7 33.5 74.7 74.7-33.6 74.7-74.7 74.7zm146.4-194.3c0 14.9-12 26.8-26.8 26.8-14.9 0-26.8-12-26.8-26.8s12-26.8 26.8-26.8 26.8 12 26.8 26.8zm76.1 27.2c-1.7-35.9-9.9-67.7-36.2-93.9-26.2-26.2-58-34.4-93.9-36.2-37-2.1-147.9-2.1-184.9 0-35.8 1.7-67.6 9.9-93.9 36.1s-34.4 58-36.2 93.9c-2.1 37-2.1 147.9 0 184.9 1.7 35.9 9.9 67.7 36.2 93.9s58 34.4 93.9 36.2c37 2.1 147.9 2.1 184.9 0 35.9-1.7 67.7-9.9 93.9-36.2 26.2-26.2 34.4-58 36.2-93.9 2.1-37 2.1-147.8 0-184.8zM398.8 388c-7.8 19.6-22.9 34.7-42.6 42.6-29.5 11.7-99.5 9-132.1 9s-102.7 2.6-132.1-9c-19.6-7.8-34.7-22.9-42.6-42.6-11.7-29.5-9-99.5-9-132.1s-2.6-102.7 9-132.1c7.8-19.6 22.9-34.7 42.6-42.6 29.5-11.7 99.5-9 132.1-9s102.7-2.6 132.1 9c19.6 7.8 34.7 22.9 42.6 42.6 11.7 29.5 9 99.5 9 132.1s2.7 102.7-9 132.1z\"><\/path><\/svg>\t\t\t\t\t<\/a>\n\t\t\t\t<\/span>\n\t\t\t\t\t\t\t<span class=\"elementor-grid-item\" role=\"listitem\">\n\t\t\t\t\t<a class=\"elementor-icon elementor-social-icon elementor-social-icon-facebook-square elementor-repeater-item-346d530\" href=\"https:\/\/www.facebook.com\/profile.php?id=61584850531442\" target=\"_blank\">\n\t\t\t\t\t\t<span class=\"elementor-screen-only\">Facebook-square<\/span>\n\t\t\t\t\t\t<svg aria-hidden=\"true\" class=\"e-font-icon-svg e-fab-facebook-square\" viewBox=\"0 0 448 512\" xmlns=\"http:\/\/www.w3.org\/2000\/svg\"><path d=\"M400 32H48A48 48 0 0 0 0 80v352a48 48 0 0 0 48 48h137.25V327.69h-63V256h63v-54.64c0-62.15 37-96.48 93.67-96.48 27.14 0 55.52 4.84 55.52 4.84v61h-31.27c-30.81 0-40.42 19.12-40.42 38.73V256h68.78l-11 71.69h-57.78V480H400a48 48 0 0 0 48-48V80a48 48 0 0 0-48-48z\"><\/path><\/svg>\t\t\t\t\t<\/a>\n\t\t\t\t<\/span>\n\t\t\t\t\t<\/div>\n\t\t\t\t\t\t<\/div>\n\t\t\t\t\t<\/div>\n\t\t\t\t<\/div>\n\t\t<div class=\"elementor-element elementor-element-1cead9c e-flex e-con-boxed e-con e-parent\" data-id=\"1cead9c\" data-element_type=\"container\" data-e-type=\"container\">\n\t\t\t\t\t<div class=\"e-con-inner\">\n\t\t\t\t\t<\/div>\n\t\t\t\t<\/div>\n\t\t<div class=\"elementor-element elementor-element-97d7d6c e-flex e-con-boxed e-con e-parent\" data-id=\"97d7d6c\" data-element_type=\"container\" data-e-type=\"container\">\n\t\t\t\t\t<div class=\"e-con-inner\">\n\t\t\t\t<div class=\"elementor-element elementor-element-1c9175c elementor-widget elementor-widget-text-editor\" data-id=\"1c9175c\" data-element_type=\"widget\" data-e-type=\"widget\" data-widget_type=\"text-editor.default\">\n\t\t\t\t\t\t\t\t\t<p>Lorem ipsum dolor sit amet, consectetur adipiscing elit. Ut elit tellus, luctus nec ullamcorper mattis, pulvinar dapibus leo.<\/p>\t\t\t\t\t\t\t\t<\/div>\n\t\t\t\t\t<\/div>\n\t\t\t\t<\/div>\n\t\t\t\t<\/div>\n\t\t","protected":false},"excerpt":{"rendered":"<p>Herzlich Willkommen bei der W\u00e4hlergemeinschaft Gemeinsam f\u00fcr Kastl.\u00a0 Sch\u00f6n, dass Sie den Weg zu uns gefunden haben. Wir freuen uns \u00fcber Ihr Interesse an Gemeinsam f\u00fcr Kastl und laden Sie herzlich ein, uns kennenzulernen und unsere Ideen f\u00fcr unser Dorf zu entdecken. Warum Gemeinsam f\u00fcr Kastl? https:\/\/www.youtube.com\/watch?v=-oTIgKarDYA Kastl ist unser Zuhause. Hier sind wir aufgewachsen,&#8230;<\/p>\n","protected":false},"author":1,"featured_media":81,"parent":0,"menu_order":0,"comment_status":"closed","ping_status":"closed","template":"","meta":{"_kad_post_transparent":"default","_kad_post_title":"","_kad_post_layout":"default","_kad_post_sidebar_id":"","_kad_post_content_style":"default","_kad_post_vertical_padding":"","_kad_post_feature":"","_kad_post_feature_position":"","_kad_post_header":false,"_kad_post_footer":false,"_kad_post_classname":"","footnotes":""},"class_list":["post-27","page","type-page","status-publish","has-post-thumbnail","hentry"],"_links":{"self":[{"href":"https:\/\/www.gemeinsam-fuer-kastl.de\/index.php?rest_route=\/wp\/v2\/pages\/27","targetHints":{"allow":["GET"]}}],"collection":[{"href":"https:\/\/www.gemeinsam-fuer-kastl.de\/index.php?rest_route=\/wp\/v2\/pages"}],"about":[{"href":"https:\/\/www.gemeinsam-fuer-kastl.de\/index.php?rest_route=\/wp\/v2\/types\/page"}],"author":[{"embeddable":true,"href":"https:\/\/www.gemeinsam-fuer-kastl.de\/index.php?rest_route=\/wp\/v2\/users\/1"}],"replies":[{"embeddable":true,"href":"https:\/\/www.gemeinsam-fuer-kastl.de\/index.php?rest_route=%2Fwp%2Fv2%2Fcomments&post=27"}],"version-history":[{"count":105,"href":"https:\/\/www.gemeinsam-fuer-kastl.de\/index.php?rest_route=\/wp\/v2\/pages\/27\/revisions"}],"predecessor-version":[{"id":459,"href":"https:\/\/www.gemeinsam-fuer-kastl.de\/index.php?rest_route=\/wp\/v2\/pages\/27\/revisions\/459"}],"wp:featuredmedia":[{"embeddable":true,"href":"https:\/\/www.gemeinsam-fuer-kastl.de\/index.php?rest_route=\/wp\/v2\/media\/81"}],"wp:attachment":[{"href":"https:\/\/www.gemeinsam-fuer-kastl.de\/index.php?rest_route=%2Fwp%2Fv2%2Fmedia&parent=27"}],"curies":[{"name":"wp","href":"https:\/\/api.w.org\/{rel}","templated":true}]}}