{"id":78,"date":"2025-12-19T20:45:48","date_gmt":"2025-12-19T20:45:48","guid":{"rendered":"https:\/\/www.gemeinsam-fuer-kastl.de\/?page_id=78"},"modified":"2026-01-05T18:51:54","modified_gmt":"2026-01-05T18:51:54","slug":"unser-burgermeisterkandidat","status":"publish","type":"page","link":"https:\/\/www.gemeinsam-fuer-kastl.de\/?page_id=78","title":{"rendered":"Unser B\u00fcrgermeisterkandidat"},"content":{"rendered":"\t\t<div data-elementor-type=\"wp-page\" data-elementor-id=\"78\" class=\"elementor elementor-78\">\n\t\t\t\t<div class=\"elementor-element elementor-element-cafc96b e-flex e-con-boxed e-con e-parent\" data-id=\"cafc96b\" data-element_type=\"container\" data-e-type=\"container\">\n\t\t\t\t\t<div class=\"e-con-inner\">\n\t\t\t\t<div class=\"elementor-element elementor-element-1ea0be1 elementor-widget elementor-widget-heading\" data-id=\"1ea0be1\" data-element_type=\"widget\" data-e-type=\"widget\" data-widget_type=\"heading.default\">\n\t\t\t\t\t<h2 class=\"elementor-heading-title elementor-size-default\">\u00dcber mich<\/h2>\t\t\t\t<\/div>\n\t\t\t\t\t<\/div>\n\t\t\t\t<\/div>\n\t\t<div class=\"elementor-element elementor-element-d475c57 e-grid e-con-boxed e-con e-parent\" data-id=\"d475c57\" data-element_type=\"container\" data-e-type=\"container\">\n\t\t\t\t\t<div class=\"e-con-inner\">\n\t\t\t\t<div class=\"elementor-element elementor-element-c7e3f77 elementor-widget elementor-widget-text-editor\" data-id=\"c7e3f77\" data-element_type=\"widget\" data-e-type=\"widget\" data-widget_type=\"text-editor.default\">\n\t\t\t\t\t\t\t\t\t<p>Ich bin 56 Jahre alt, verheiratet mit Stefanie Reichel (geb. Dilling) und Vater eines Sohnes sowie zweier angeheirateter S\u00f6hne. Familie bedeutet f\u00fcr mich Zusammenhalt und Verantwortung &#8211; Werte die ich auch in unserer Gemeinde lebe.<\/p>\t\t\t\t\t\t\t\t<\/div>\n\t\t\t\t<div class=\"elementor-element elementor-element-776716a elementor-widget elementor-widget-image\" data-id=\"776716a\" data-element_type=\"widget\" data-e-type=\"widget\" data-widget_type=\"image.default\">\n\t\t\t\t\t\t\t\t\t\t\t\t\t\t\t<img fetchpriority=\"high\" decoding=\"async\" width=\"225\" height=\"300\" src=\"https:\/\/www.gemeinsam-fuer-kastl.de\/wp-content\/uploads\/2026\/01\/Foto-05.01.26-18-42-46-225x300.jpg\" class=\"attachment-medium size-medium wp-image-416\" alt=\"\" srcset=\"https:\/\/www.gemeinsam-fuer-kastl.de\/wp-content\/uploads\/2026\/01\/Foto-05.01.26-18-42-46-225x300.jpg 225w, https:\/\/www.gemeinsam-fuer-kastl.de\/wp-content\/uploads\/2026\/01\/Foto-05.01.26-18-42-46-768x1024.jpg 768w, https:\/\/www.gemeinsam-fuer-kastl.de\/wp-content\/uploads\/2026\/01\/Foto-05.01.26-18-42-46-1152x1536.jpg 1152w, https:\/\/www.gemeinsam-fuer-kastl.de\/wp-content\/uploads\/2026\/01\/Foto-05.01.26-18-42-46.jpg 1536w\" sizes=\"(max-width: 225px) 100vw, 225px\" \/>\t\t\t\t\t\t\t\t\t\t\t\t\t\t\t<\/div>\n\t\t\t\t\t<\/div>\n\t\t\t\t<\/div>\n\t\t<div class=\"elementor-element elementor-element-029eada e-flex e-con-boxed e-con e-parent\" data-id=\"029eada\" data-element_type=\"container\" data-e-type=\"container\">\n\t\t\t\t\t<div class=\"e-con-inner\">\n\t\t\t\t<div class=\"elementor-element elementor-element-7a67098 elementor-widget elementor-widget-heading\" data-id=\"7a67098\" data-element_type=\"widget\" data-e-type=\"widget\" data-widget_type=\"heading.default\">\n\t\t\t\t\t<h2 class=\"elementor-heading-title elementor-size-default\">Mein Weg und meine Erfahrungen<\/h2>\t\t\t\t<\/div>\n\t\t\t\t\t<\/div>\n\t\t\t\t<\/div>\n\t\t<div class=\"elementor-element elementor-element-20fd45b e-flex e-con-boxed e-con e-parent\" data-id=\"20fd45b\" data-element_type=\"container\" data-e-type=\"container\">\n\t\t\t\t\t<div class=\"e-con-inner\">\n\t\t\t\t<div class=\"elementor-element elementor-element-b37c5ec elementor-widget elementor-widget-text-editor\" data-id=\"b37c5ec\" data-element_type=\"widget\" data-e-type=\"widget\" data-widget_type=\"text-editor.default\">\n\t\t\t\t\t\t\t\t\t<p>Nach meiner Fachhochschulreife und zwei Jahren Wehrdienst mit Ausbildung zum Offizier der Reserve begann meine berufliche Laufbahn in der Veranstaltungsbranche. Nach einer Ausbildung zum Radio- und Fernsehtechniker arbeitete ich viele Jahre als selbstst\u00e4ndiger Ton- und Veranstaltungstechniker &#8211; unteranderem in leitender Funktion f\u00fcr K\u00fcnstler wie Hei\u00dfmann &amp; Rassau, Kaya Yanar und Dr. Eckart von Hirschhausen. Bis 2023 war ich zudem Tourmanager der Band H\u00e4matom. Organisation,\u00a0 Verl\u00e4sslichkeit und F\u00fchrungsst\u00e4rke waren dabei mein t\u00e4gliches Gesch\u00e4ft.<\/p><p>2011 wechselte ich in den \u00f6ffentlichen Dienst &#8211; weg von 130 Hoteln\u00e4chten im Jahr-, hin zu Struktur und Verantwortung. Seit meinem Umzug nach Kastl 2019 \u00fcbernahm ich verantwortungsvolle Aufgaben in der kommunalen Verwaltung: zun\u00e4chst als Fachbereichsleiter f\u00fcr \u00d6ffentliche Sicherheit und Ordnung sowie Friedhofsverwaltung bei der Stadt Pegnitz, heute als Leiter des Bereichs Gewerberecht am Landratsamt Bayreuth.\u00a0<\/p><p>Diese T\u00e4tigkeiten haben mir tiefe Einblicke in die kommunale Arbeit gegeben und gezeigt, wie wichtig Transparenz, Zusammenarbeit und Verl\u00e4sslichkeit sind. Als ehrenamtliches Mitglied der F\u00fchrungsgruppe Katastrophenschutz trage ich zus\u00e4tzlich Verantwortung in Krisensituationen.<\/p>\t\t\t\t\t\t\t\t<\/div>\n\t\t\t\t\t<\/div>\n\t\t\t\t<\/div>\n\t\t<div class=\"elementor-element elementor-element-7c0c501 e-flex e-con-boxed e-con e-parent\" data-id=\"7c0c501\" data-element_type=\"container\" data-e-type=\"container\">\n\t\t\t\t\t<div class=\"e-con-inner\">\n\t\t\t\t<div class=\"elementor-element elementor-element-04827d2 elementor-widget elementor-widget-heading\" data-id=\"04827d2\" data-element_type=\"widget\" data-e-type=\"widget\" data-widget_type=\"heading.default\">\n\t\t\t\t\t<h2 class=\"elementor-heading-title elementor-size-default\">Meine Werte und Motivation<\/h2>\t\t\t\t<\/div>\n\t\t\t\t\t<\/div>\n\t\t\t\t<\/div>\n\t\t<div class=\"elementor-element elementor-element-322e910 e-grid e-con-boxed e-con e-parent\" data-id=\"322e910\" data-element_type=\"container\" data-e-type=\"container\">\n\t\t\t\t\t<div class=\"e-con-inner\">\n\t\t\t\t<div class=\"elementor-element elementor-element-423f508 elementor-widget elementor-widget-text-editor\" data-id=\"423f508\" data-element_type=\"widget\" data-e-type=\"widget\" data-widget_type=\"text-editor.default\">\n\t\t\t\t\t\t\t\t\t<p><span data-contrast=\"auto\">Ich stehe f\u00fcr <\/span><b><span data-contrast=\"auto\">Verl\u00e4sslichkeit, Transparenz und Gemeinschaft<\/span><\/b><span data-contrast=\"auto\">. Kastl ist f\u00fcr mich Heimat \u2013 ein Ort, an dem Tradition und Zusammenhalt gro\u00dfgeschrieben werden. Ich m\u00f6chte meine Erfahrung und mein Wissen einbringen, um:<\/span><span data-ccp-props=\"{&quot;134233117&quot;:true,&quot;134233118&quot;:true,&quot;201341983&quot;:2,&quot;335559740&quot;:300}\">\u00a0<\/span><\/p><ul><li aria-setsize=\"-1\" data-leveltext=\"\uf0b7\" data-font=\"Symbol\" data-listid=\"1\" data-list-defn-props=\"{&quot;335552541&quot;:1,&quot;335559685&quot;:720,&quot;335559991&quot;:360,&quot;469769226&quot;:&quot;Symbol&quot;,&quot;469769242&quot;:[8226],&quot;469777803&quot;:&quot;left&quot;,&quot;469777804&quot;:&quot;\uf0b7&quot;,&quot;469777815&quot;:&quot;multilevel&quot;}\" data-aria-posinset=\"1\" data-aria-level=\"1\"><b><span data-contrast=\"auto\">die Finanzen solide zu gestalten<\/span><\/b><span data-contrast=\"auto\">, damit wir handlungsf\u00e4hig bleiben,<\/span><span data-ccp-props=\"{&quot;134233117&quot;:true,&quot;134233118&quot;:true,&quot;201341983&quot;:2,&quot;335559740&quot;:300}\">\u00a0<\/span><\/li><\/ul><ul><li aria-setsize=\"-1\" data-leveltext=\"\uf0b7\" data-font=\"Symbol\" data-listid=\"1\" data-list-defn-props=\"{&quot;335552541&quot;:1,&quot;335559685&quot;:720,&quot;335559991&quot;:360,&quot;469769226&quot;:&quot;Symbol&quot;,&quot;469769242&quot;:[8226],&quot;469777803&quot;:&quot;left&quot;,&quot;469777804&quot;:&quot;\uf0b7&quot;,&quot;469777815&quot;:&quot;multilevel&quot;}\" data-aria-posinset=\"2\" data-aria-level=\"1\"><b><span data-contrast=\"auto\">Politik transparent und b\u00fcrgernah zu machen<\/span><\/b><span data-contrast=\"auto\">,<\/span><span data-ccp-props=\"{&quot;134233117&quot;:true,&quot;134233118&quot;:true,&quot;201341983&quot;:2,&quot;335559740&quot;:300}\">\u00a0<\/span><\/li><\/ul><ul><li aria-setsize=\"-1\" data-leveltext=\"\uf0b7\" data-font=\"Symbol\" data-listid=\"1\" data-list-defn-props=\"{&quot;335552541&quot;:1,&quot;335559685&quot;:720,&quot;335559991&quot;:360,&quot;469769226&quot;:&quot;Symbol&quot;,&quot;469769242&quot;:[8226],&quot;469777803&quot;:&quot;left&quot;,&quot;469777804&quot;:&quot;\uf0b7&quot;,&quot;469777815&quot;:&quot;multilevel&quot;}\" data-aria-posinset=\"3\" data-aria-level=\"1\"><b><span data-contrast=\"auto\">unser Gewerbe zu st\u00e4rken und neue Chancen zu schaffen<\/span><\/b><span data-contrast=\"auto\">,<\/span><span data-ccp-props=\"{&quot;134233117&quot;:true,&quot;134233118&quot;:true,&quot;201341983&quot;:2,&quot;335559740&quot;:300}\">\u00a0<\/span><\/li><\/ul><ul><li aria-setsize=\"-1\" data-leveltext=\"\uf0b7\" data-font=\"Symbol\" data-listid=\"1\" data-list-defn-props=\"{&quot;335552541&quot;:1,&quot;335559685&quot;:720,&quot;335559991&quot;:360,&quot;469769226&quot;:&quot;Symbol&quot;,&quot;469769242&quot;:[8226],&quot;469777803&quot;:&quot;left&quot;,&quot;469777804&quot;:&quot;\uf0b7&quot;,&quot;469777815&quot;:&quot;multilevel&quot;}\" data-aria-posinset=\"4\" data-aria-level=\"1\"><b><span data-contrast=\"auto\">unsere Infrastruktur zu bewahren und zukunftsf\u00e4hig auszubauen<\/span><\/b><span data-contrast=\"auto\">.<\/span><span data-ccp-props=\"{&quot;134233117&quot;:true,&quot;134233118&quot;:true,&quot;201341983&quot;:2,&quot;335559740&quot;:300}\">\u00a0<\/span><\/li><\/ul><p><span data-contrast=\"auto\">Mein Ziel ist es, Br\u00fccken zu bauen \u2013 zwischen Menschen, Ideen und Generationen. Kastl soll ein Ort bleiben, an dem man nicht nur lebt, sondern sich zuhause f\u00fchlt.<\/span><span data-ccp-props=\"{&quot;134233117&quot;:true,&quot;134233118&quot;:true,&quot;201341983&quot;:2,&quot;335559740&quot;:300}\">\u00a0<\/span><\/p>\t\t\t\t\t\t\t\t<\/div>\n\t\t\t\t<div class=\"elementor-element elementor-element-5dabfc5 elementor-widget elementor-widget-image\" data-id=\"5dabfc5\" data-element_type=\"widget\" data-e-type=\"widget\" data-widget_type=\"image.default\">\n\t\t\t\t\t\t\t\t\t\t\t\t\t\t\t<img decoding=\"async\" width=\"875\" height=\"1024\" src=\"https:\/\/www.gemeinsam-fuer-kastl.de\/wp-content\/uploads\/2025\/12\/78BA36E5-E1D5-4C0C-AA63-29942A109392-875x1024.jpg\" class=\"attachment-large size-large wp-image-170\" alt=\"\" srcset=\"https:\/\/www.gemeinsam-fuer-kastl.de\/wp-content\/uploads\/2025\/12\/78BA36E5-E1D5-4C0C-AA63-29942A109392-875x1024.jpg 875w, https:\/\/www.gemeinsam-fuer-kastl.de\/wp-content\/uploads\/2025\/12\/78BA36E5-E1D5-4C0C-AA63-29942A109392-256x300.jpg 256w, https:\/\/www.gemeinsam-fuer-kastl.de\/wp-content\/uploads\/2025\/12\/78BA36E5-E1D5-4C0C-AA63-29942A109392-768x899.jpg 768w, https:\/\/www.gemeinsam-fuer-kastl.de\/wp-content\/uploads\/2025\/12\/78BA36E5-E1D5-4C0C-AA63-29942A109392-1313x1536.jpg 1313w, https:\/\/www.gemeinsam-fuer-kastl.de\/wp-content\/uploads\/2025\/12\/78BA36E5-E1D5-4C0C-AA63-29942A109392-1750x2048.jpg 1750w\" sizes=\"(max-width: 875px) 100vw, 875px\" \/>\t\t\t\t\t\t\t\t\t\t\t\t\t\t\t<\/div>\n\t\t\t\t\t<\/div>\n\t\t\t\t<\/div>\n\t\t<div class=\"elementor-element elementor-element-3acb229 e-flex e-con-boxed e-con e-parent\" data-id=\"3acb229\" data-element_type=\"container\" data-e-type=\"container\">\n\t\t\t\t\t<div class=\"e-con-inner\">\n\t\t\t\t<div class=\"elementor-element elementor-element-f847d32 elementor-widget elementor-widget-heading\" data-id=\"f847d32\" data-element_type=\"widget\" data-e-type=\"widget\" data-widget_type=\"heading.default\">\n\t\t\t\t\t<h2 class=\"elementor-heading-title elementor-size-default\">Warum B\u00fcrgermeister?<\/h2>\t\t\t\t<\/div>\n\t\t\t\t\t<\/div>\n\t\t\t\t<\/div>\n\t\t<div class=\"elementor-element elementor-element-ef8b8a8 e-flex e-con-boxed e-con e-parent\" data-id=\"ef8b8a8\" data-element_type=\"container\" data-e-type=\"container\">\n\t\t\t\t\t<div class=\"e-con-inner\">\n\t\t<div class=\"elementor-element elementor-element-e199411 e-con-full e-flex e-con e-child\" data-id=\"e199411\" data-element_type=\"container\" data-e-type=\"container\">\n\t\t\t\t<div class=\"elementor-element elementor-element-ae99748 elementor-widget elementor-widget-image\" data-id=\"ae99748\" data-element_type=\"widget\" data-e-type=\"widget\" data-widget_type=\"image.default\">\n\t\t\t\t\t\t\t\t\t\t\t\t\t\t\t<img decoding=\"async\" width=\"768\" height=\"1152\" src=\"https:\/\/www.gemeinsam-fuer-kastl.de\/wp-content\/uploads\/2025\/12\/steffl-768x1152.jpg\" class=\"attachment-medium_large size-medium_large wp-image-38\" alt=\"\" srcset=\"https:\/\/www.gemeinsam-fuer-kastl.de\/wp-content\/uploads\/2025\/12\/steffl-768x1152.jpg 768w, https:\/\/www.gemeinsam-fuer-kastl.de\/wp-content\/uploads\/2025\/12\/steffl-200x300.jpg 200w, https:\/\/www.gemeinsam-fuer-kastl.de\/wp-content\/uploads\/2025\/12\/steffl-683x1024.jpg 683w, https:\/\/www.gemeinsam-fuer-kastl.de\/wp-content\/uploads\/2025\/12\/steffl-1024x1536.jpg 1024w, https:\/\/www.gemeinsam-fuer-kastl.de\/wp-content\/uploads\/2025\/12\/steffl-1365x2048.jpg 1365w, https:\/\/www.gemeinsam-fuer-kastl.de\/wp-content\/uploads\/2025\/12\/steffl-scaled.jpg 1707w\" sizes=\"(max-width: 768px) 100vw, 768px\" \/>\t\t\t\t\t\t\t\t\t\t\t\t\t\t\t<\/div>\n\t\t\t\t<\/div>\n\t\t<div class=\"elementor-element elementor-element-fe86ede e-con-full e-flex e-con e-child\" data-id=\"fe86ede\" data-element_type=\"container\" data-e-type=\"container\">\n\t\t<div class=\"elementor-element elementor-element-f78eedd e-con-full e-flex e-con e-child\" data-id=\"f78eedd\" data-element_type=\"container\" data-e-type=\"container\">\n\t\t\t\t<div class=\"elementor-element elementor-element-930bf6a elementor-widget elementor-widget-text-editor\" data-id=\"930bf6a\" data-element_type=\"widget\" data-e-type=\"widget\" data-widget_type=\"text-editor.default\">\n\t\t\t\t\t\t\t\t\t<p><span data-contrast=\"auto\">Unser Miteinander funktioniert nur, wenn man sich einbringt und der Gemeinschaft etwas zur\u00fcckgibt.<\/span>\u00a0<\/p><p><span data-contrast=\"auto\">Ich habe mich mein Leben lang engagiert \u2013 als Trainer f\u00fcr Kinder und Jugendliche, als Sch\u00f6ffe am Jugendgericht, als Wahlhelfer und als Mitglied der F\u00fchrungsgruppe Katastrophenschutz.<\/span><span data-ccp-props=\"{&quot;134233117&quot;:true,&quot;134233118&quot;:true,&quot;201341983&quot;:2,&quot;335559740&quot;:300}\">\u00a0<\/span><\/p><p><span data-contrast=\"auto\">Jetzt m\u00f6chte ich als B\u00fcrgermeister meinen Beitrag leisten!<\/span>\u00a0<br \/><span data-contrast=\"auto\">Ich bringe nicht nur Lebenserfahrung mit, sondern auch Kompetenz aus zwei Welten:<\/span><span data-ccp-props=\"{&quot;134233117&quot;:true,&quot;134233118&quot;:true,&quot;201341983&quot;:2,&quot;335559740&quot;:300}\">\u00a0<\/span><\/p><ul><li aria-setsize=\"-1\" data-leveltext=\"\uf0b7\" data-font=\"Symbol\" data-listid=\"2\" data-list-defn-props=\"{&quot;335552541&quot;:1,&quot;335559685&quot;:720,&quot;335559991&quot;:360,&quot;469769226&quot;:&quot;Symbol&quot;,&quot;469769242&quot;:[8226],&quot;469777803&quot;:&quot;left&quot;,&quot;469777804&quot;:&quot;\uf0b7&quot;,&quot;469777815&quot;:&quot;multilevel&quot;}\" data-aria-posinset=\"1\" data-aria-level=\"1\"><b><span data-contrast=\"auto\">20 Jahre Selbst\u00e4ndigkeit in der freien Wirtschaft<\/span><\/b><span data-contrast=\"auto\">,<\/span><span data-ccp-props=\"{&quot;134233117&quot;:true,&quot;134233118&quot;:true,&quot;201341983&quot;:2,&quot;335559740&quot;:300}\">\u00a0<\/span><\/li><\/ul><ul><li aria-setsize=\"-1\" data-leveltext=\"\uf0b7\" data-font=\"Symbol\" data-listid=\"2\" data-list-defn-props=\"{&quot;335552541&quot;:1,&quot;335559685&quot;:720,&quot;335559991&quot;:360,&quot;469769226&quot;:&quot;Symbol&quot;,&quot;469769242&quot;:[8226],&quot;469777803&quot;:&quot;left&quot;,&quot;469777804&quot;:&quot;\uf0b7&quot;,&quot;469777815&quot;:&quot;multilevel&quot;}\" data-aria-posinset=\"2\" data-aria-level=\"1\"><b><span data-contrast=\"auto\">15 Jahre Erfahrung in der \u00f6ffentlichen Verwaltung in leitender Funktion<\/span><\/b><span data-contrast=\"auto\">.<\/span><span data-ccp-props=\"{&quot;134233117&quot;:true,&quot;134233118&quot;:true,&quot;201341983&quot;:2,&quot;335559740&quot;:300}\">\u00a0<\/span><\/li><\/ul><p><span data-contrast=\"auto\">Ich bin parteilos \u2013 und das bewusst. Denn ich m\u00f6chte Politik ohne Ideologien, Parteigrenzen und Fraktionszwang machen. Mein Ziel ist einfach:\u00a0<\/span><b><span data-contrast=\"auto\">Das Beste f\u00fcr Kastl und seine B\u00fcrgerinnen und B\u00fcrger.<\/span><\/b>\u00a0<br \/><span data-contrast=\"auto\">Denn am Ende wollen wir alle dasselbe: Es soll uns gut gehen. Daran will ich arbeiten \u2013 mit Herz, Verstand und Tatkraft.<\/span><span data-ccp-props=\"{&quot;134233117&quot;:true,&quot;134233118&quot;:true,&quot;201341983&quot;:2,&quot;335559740&quot;:300}\">\u00a0<\/span><\/p><p><span data-ccp-props=\"{&quot;134233117&quot;:true,&quot;134233118&quot;:true,&quot;201341983&quot;:2,&quot;335559740&quot;:300}\"><span class=\"TextRun SCXW96296081 BCX0\" lang=\"DE-DE\" xml:lang=\"DE-DE\" data-contrast=\"auto\"><span class=\"NormalTextRun SCXW96296081 BCX0\">Deshalb bitte ich um Ihr Vertrauen und Ihre Stimme.<\/span><\/span><span class=\"LineBreakBlob BlobObject DragDrop SCXW96296081 BCX0\"><span class=\"SCXW96296081 BCX0\">\u00a0<\/span><br class=\"SCXW96296081 BCX0\" \/><\/span><span class=\"TextRun SCXW96296081 BCX0\" lang=\"DE-DE\" xml:lang=\"DE-DE\" data-contrast=\"auto\"><span class=\"NormalTextRun SCXW96296081 BCX0\">Herzlichst<\/span><\/span><span class=\"LineBreakBlob BlobObject DragDrop SCXW96296081 BCX0\"><span class=\"SCXW96296081 BCX0\">\u00a0<\/span><br class=\"SCXW96296081 BCX0\" \/><\/span><span class=\"TextRun SCXW96296081 BCX0\" lang=\"DE-DE\" xml:lang=\"DE-DE\" data-contrast=\"auto\"><span class=\"NormalTextRun SCXW96296081 BCX0\">Ihr Stefan Reichel<\/span><\/span><span class=\"EOP SCXW96296081 BCX0\" data-ccp-props=\"{&quot;134233117&quot;:true,&quot;134233118&quot;:true,&quot;201341983&quot;:2,&quot;335559740&quot;:300}\">\u00a0<\/span><\/span><\/p><p><span data-ccp-props=\"{&quot;201341983&quot;:2,&quot;335559740&quot;:300}\">\u00a0<\/span><\/p>\t\t\t\t\t\t\t\t<\/div>\n\t\t\t\t<\/div>\n\t\t<div class=\"elementor-element elementor-element-473ed49 e-con-full e-flex e-con e-child\" data-id=\"473ed49\" data-element_type=\"container\" data-e-type=\"container\">\n\t\t\t\t<div class=\"elementor-element elementor-element-6de07c3 elementor-widget elementor-widget-image\" data-id=\"6de07c3\" data-element_type=\"widget\" data-e-type=\"widget\" data-widget_type=\"image.default\">\n\t\t\t\t\t\t\t\t\t\t\t\t\t\t\t<img loading=\"lazy\" decoding=\"async\" width=\"300\" height=\"215\" src=\"https:\/\/www.gemeinsam-fuer-kastl.de\/wp-content\/uploads\/2026\/01\/Unterschrift-Kurz-300x215.jpeg\" class=\"attachment-medium size-medium wp-image-434\" alt=\"\" srcset=\"https:\/\/www.gemeinsam-fuer-kastl.de\/wp-content\/uploads\/2026\/01\/Unterschrift-Kurz-300x215.jpeg 300w, https:\/\/www.gemeinsam-fuer-kastl.de\/wp-content\/uploads\/2026\/01\/Unterschrift-Kurz-1024x734.jpeg 1024w, https:\/\/www.gemeinsam-fuer-kastl.de\/wp-content\/uploads\/2026\/01\/Unterschrift-Kurz-768x551.jpeg 768w, https:\/\/www.gemeinsam-fuer-kastl.de\/wp-content\/uploads\/2026\/01\/Unterschrift-Kurz-1536x1101.jpeg 1536w, https:\/\/www.gemeinsam-fuer-kastl.de\/wp-content\/uploads\/2026\/01\/Unterschrift-Kurz-2048x1468.jpeg 2048w\" sizes=\"(max-width: 300px) 100vw, 300px\" \/>\t\t\t\t\t\t\t\t\t\t\t\t\t\t\t<\/div>\n\t\t\t\t<\/div>\n\t\t\t\t<\/div>\n\t\t\t\t\t<\/div>\n\t\t\t\t<\/div>\n\t\t\t\t<\/div>\n\t\t","protected":false},"excerpt":{"rendered":"<p>\u00dcber mich Ich bin 56 Jahre alt, verheiratet mit Stefanie Reichel (geb. Dilling) und Vater eines Sohnes sowie zweier angeheirateter S\u00f6hne. Familie bedeutet f\u00fcr mich Zusammenhalt und Verantwortung &#8211; Werte die ich auch in unserer Gemeinde lebe. Mein Weg und meine Erfahrungen Nach meiner Fachhochschulreife und zwei Jahren Wehrdienst mit Ausbildung zum Offizier der Reserve&#8230;<\/p>\n","protected":false},"author":2,"featured_media":0,"parent":0,"menu_order":3,"comment_status":"closed","ping_status":"closed","template":"","meta":{"_kad_post_transparent":"","_kad_post_title":"hide","_kad_post_layout":"fullwidth","_kad_post_sidebar_id":"","_kad_post_content_style":"unboxed","_kad_post_vertical_padding":"hide","_kad_post_feature":"hide","_kad_post_feature_position":"","_kad_post_header":false,"_kad_post_footer":false,"_kad_post_classname":"","footnotes":""},"class_list":["post-78","page","type-page","status-publish","hentry"],"_links":{"self":[{"href":"https:\/\/www.gemeinsam-fuer-kastl.de\/index.php?rest_route=\/wp\/v2\/pages\/78","targetHints":{"allow":["GET"]}}],"collection":[{"href":"https:\/\/www.gemeinsam-fuer-kastl.de\/index.php?rest_route=\/wp\/v2\/pages"}],"about":[{"href":"https:\/\/www.gemeinsam-fuer-kastl.de\/index.php?rest_route=\/wp\/v2\/types\/page"}],"author":[{"embeddable":true,"href":"https:\/\/www.gemeinsam-fuer-kastl.de\/index.php?rest_route=\/wp\/v2\/users\/2"}],"replies":[{"embeddable":true,"href":"https:\/\/www.gemeinsam-fuer-kastl.de\/index.php?rest_route=%2Fwp%2Fv2%2Fcomments&post=78"}],"version-history":[{"count":22,"href":"https:\/\/www.gemeinsam-fuer-kastl.de\/index.php?rest_route=\/wp\/v2\/pages\/78\/revisions"}],"predecessor-version":[{"id":437,"href":"https:\/\/www.gemeinsam-fuer-kastl.de\/index.php?rest_route=\/wp\/v2\/pages\/78\/revisions\/437"}],"wp:attachment":[{"href":"https:\/\/www.gemeinsam-fuer-kastl.de\/index.php?rest_route=%2Fwp%2Fv2%2Fmedia&parent=78"}],"curies":[{"name":"wp","href":"https:\/\/api.w.org\/{rel}","templated":true}]}}